{"id":881,"date":"2024-05-30T23:22:56","date_gmt":"2024-05-30T23:22:56","guid":{"rendered":"https:\/\/inmobiliariacarpediem.cl\/?page_id=881"},"modified":"2024-06-10T01:00:10","modified_gmt":"2024-06-10T01:00:10","slug":"id-1","status":"publish","type":"page","link":"https:\/\/inmobiliariacarpediem.cl\/index.php\/id-1\/","title":{"rendered":"Casa en arriendo"},"content":{"rendered":"\t\t<div data-elementor-type=\"wp-page\" data-elementor-id=\"881\" class=\"elementor elementor-881\">\n\t\t\t\t\t\t<section class=\"elementor-section elementor-top-section elementor-element elementor-element-45f0e266 elementor-section-height-min-height elementor-section-boxed elementor-section-height-default elementor-section-items-middle tf-sticky-section tf-sticky-no\" data-id=\"45f0e266\" data-element_type=\"section\" data-settings=\"{&quot;background_background&quot;:&quot;classic&quot;,&quot;tf_sticky&quot;:&quot;no&quot;}\">\n\t\t\t\t\t\t\t<div class=\"elementor-background-overlay\"><\/div>\n\t\t\t\t\t\t\t<div class=\"elementor-container elementor-column-gap-default\">\n\t\t\t\t\t<div class=\"elementor-column elementor-col-100 elementor-top-column elementor-element elementor-element-202145f3\" data-id=\"202145f3\" data-element_type=\"column\">\n\t\t\t<div class=\"elementor-widget-wrap elementor-element-populated\">\n\t\t\t\t\t\t<div class=\"elementor-element elementor-element-68c662e2 de_scroll_animation_no elementor-widget elementor-widget-heading\" data-id=\"68c662e2\" data-element_type=\"widget\" data-widget_type=\"heading.default\">\n\t\t\t\t<div class=\"elementor-widget-container\">\n\t\t\t<style>\/*! elementor - v3.21.0 - 26-05-2024 *\/\n.elementor-heading-title{padding:0;margin:0;line-height:1}.elementor-widget-heading .elementor-heading-title[class*=elementor-size-]>a{color:inherit;font-size:inherit;line-height:inherit}.elementor-widget-heading .elementor-heading-title.elementor-size-small{font-size:15px}.elementor-widget-heading .elementor-heading-title.elementor-size-medium{font-size:19px}.elementor-widget-heading .elementor-heading-title.elementor-size-large{font-size:29px}.elementor-widget-heading .elementor-heading-title.elementor-size-xl{font-size:39px}.elementor-widget-heading .elementor-heading-title.elementor-size-xxl{font-size:59px}<\/style><h2 class=\"elementor-heading-title elementor-size-default\">arriendo departamento<br><\/h2>\t\t<\/div>\n\t\t\t\t<\/div>\n\t\t\t\t<div class=\"elementor-element elementor-element-13b4ad6 de_scroll_animation_no elementor-widget elementor-widget-text-editor\" data-id=\"13b4ad6\" data-element_type=\"widget\" data-widget_type=\"text-editor.default\">\n\t\t\t\t<div class=\"elementor-widget-container\">\n\t\t\t<style>\/*! elementor - v3.21.0 - 26-05-2024 *\/\n.elementor-widget-text-editor.elementor-drop-cap-view-stacked .elementor-drop-cap{background-color:#69727d;color:#fff}.elementor-widget-text-editor.elementor-drop-cap-view-framed .elementor-drop-cap{color:#69727d;border:3px solid;background-color:transparent}.elementor-widget-text-editor:not(.elementor-drop-cap-view-default) .elementor-drop-cap{margin-top:8px}.elementor-widget-text-editor:not(.elementor-drop-cap-view-default) .elementor-drop-cap-letter{width:1em;height:1em}.elementor-widget-text-editor .elementor-drop-cap{float:left;text-align:center;line-height:1;font-size:50px}.elementor-widget-text-editor .elementor-drop-cap-letter{display:inline-block}<\/style>\t\t\t\t<h4>4D 3B &#8211; Mejillones<\/h4>\t\t\t\t\t\t<\/div>\n\t\t\t\t<\/div>\n\t\t\t\t\t<\/div>\n\t\t<\/div>\n\t\t\t\t\t<\/div>\n\t\t<\/section>\n\t\t\t\t<section class=\"elementor-section elementor-top-section elementor-element elementor-element-7379a8fb elementor-section-boxed elementor-section-height-default elementor-section-height-default tf-sticky-section tf-sticky-no\" data-id=\"7379a8fb\" data-element_type=\"section\" data-settings=\"{&quot;tf_sticky&quot;:&quot;no&quot;}\">\n\t\t\t\t\t\t<div class=\"elementor-container elementor-column-gap-default\">\n\t\t\t\t\t<div class=\"elementor-column elementor-col-50 elementor-top-column elementor-element elementor-element-6967921c\" data-id=\"6967921c\" data-element_type=\"column\">\n\t\t\t<div class=\"elementor-widget-wrap elementor-element-populated\">\n\t\t\t\t\t\t<div class=\"elementor-element elementor-element-207ec343 de_scroll_animation_no elementor-widget elementor-widget-image\" data-id=\"207ec343\" data-element_type=\"widget\" data-widget_type=\"image.default\">\n\t\t\t\t<div class=\"elementor-widget-container\">\n\t\t\t<style>\/*! elementor - v3.21.0 - 26-05-2024 *\/\n.elementor-widget-image{text-align:center}.elementor-widget-image a{display:inline-block}.elementor-widget-image a img[src$=\".svg\"]{width:48px}.elementor-widget-image img{vertical-align:middle;display:inline-block}<\/style>\t\t\t\t\t\t\t\t\t\t<img fetchpriority=\"high\" decoding=\"async\" width=\"771\" height=\"1024\" src=\"https:\/\/inmobiliariacarpediem.cl\/wp-content\/uploads\/2024\/05\/Casa-mejillones-771x1024.jpg\" class=\"attachment-large size-large wp-image-553\" alt=\"\" srcset=\"https:\/\/inmobiliariacarpediem.cl\/wp-content\/uploads\/2024\/05\/Casa-mejillones-771x1024.jpg 771w, https:\/\/inmobiliariacarpediem.cl\/wp-content\/uploads\/2024\/05\/Casa-mejillones-226x300.jpg 226w, https:\/\/inmobiliariacarpediem.cl\/wp-content\/uploads\/2024\/05\/Casa-mejillones-768x1021.jpg 768w, https:\/\/inmobiliariacarpediem.cl\/wp-content\/uploads\/2024\/05\/Casa-mejillones-1156x1536.jpg 1156w, https:\/\/inmobiliariacarpediem.cl\/wp-content\/uploads\/2024\/05\/Casa-mejillones.jpg 1204w\" sizes=\"(max-width: 771px) 100vw, 771px\" \/>\t\t\t\t\t\t\t\t\t\t\t\t\t<\/div>\n\t\t\t\t<\/div>\n\t\t\t\t\t<\/div>\n\t\t<\/div>\n\t\t\t\t<div class=\"elementor-column elementor-col-50 elementor-top-column elementor-element elementor-element-48d713e1\" data-id=\"48d713e1\" data-element_type=\"column\" data-settings=\"{&quot;background_background&quot;:&quot;classic&quot;}\">\n\t\t\t<div class=\"elementor-widget-wrap elementor-element-populated\">\n\t\t\t\t\t\t<div class=\"elementor-element elementor-element-7608df32 de_scroll_animation_no elementor-widget elementor-widget-heading\" data-id=\"7608df32\" data-element_type=\"widget\" data-widget_type=\"heading.default\">\n\t\t\t\t<div class=\"elementor-widget-container\">\n\t\t\t<h2 class=\"elementor-heading-title elementor-size-default\"><b>aRRIENDO<\/b><\/h2>\t\t<\/div>\n\t\t\t\t<\/div>\n\t\t\t\t<div class=\"elementor-element elementor-element-23ece9cb de_scroll_animation_no elementor-widget elementor-widget-heading\" data-id=\"23ece9cb\" data-element_type=\"widget\" data-widget_type=\"heading.default\">\n\t\t\t\t<div class=\"elementor-widget-container\">\n\t\t\t<h2 class=\"elementor-heading-title elementor-size-default\">4D 3B | Mejillones<\/h2>\t\t<\/div>\n\t\t\t\t<\/div>\n\t\t\t\t<div class=\"elementor-element elementor-element-6e57f699 de_scroll_animation_no elementor-widget elementor-widget-heading\" data-id=\"6e57f699\" data-element_type=\"widget\" data-widget_type=\"heading.default\">\n\t\t\t\t<div class=\"elementor-widget-container\">\n\t\t\t<h2 class=\"elementor-heading-title elementor-size-default\">DEPARTAMENTO<\/h2>\t\t<\/div>\n\t\t\t\t<\/div>\n\t\t\t\t<section class=\"elementor-section elementor-inner-section elementor-element elementor-element-12ce181 elementor-section-boxed elementor-section-height-default elementor-section-height-default tf-sticky-section tf-sticky-no\" data-id=\"12ce181\" data-element_type=\"section\" data-settings=\"{&quot;tf_sticky&quot;:&quot;no&quot;}\">\n\t\t\t\t\t\t<div class=\"elementor-container elementor-column-gap-default\">\n\t\t\t\t\t<div class=\"elementor-column elementor-col-50 elementor-inner-column elementor-element elementor-element-14a46364\" data-id=\"14a46364\" data-element_type=\"column\">\n\t\t\t<div class=\"elementor-widget-wrap elementor-element-populated\">\n\t\t\t\t\t\t<div class=\"elementor-element elementor-element-69e265a3 de_scroll_animation_no elementor-widget elementor-widget-image\" data-id=\"69e265a3\" data-element_type=\"widget\" data-widget_type=\"image.default\">\n\t\t\t\t<div class=\"elementor-widget-container\">\n\t\t\t\t\t\t\t\t\t\t\t\t\t<img decoding=\"async\" width=\"54\" height=\"52\" src=\"https:\/\/inmobiliariacarpediem.cl\/wp-content\/uploads\/2023\/09\/aboutcard1.png\" class=\"attachment-large size-large wp-image-74\" alt=\"\" \/>\t\t\t\t\t\t\t\t\t\t\t\t\t<\/div>\n\t\t\t\t<\/div>\n\t\t\t\t\t<\/div>\n\t\t<\/div>\n\t\t\t\t<div class=\"elementor-column elementor-col-50 elementor-inner-column elementor-element elementor-element-44cf936d\" data-id=\"44cf936d\" data-element_type=\"column\">\n\t\t\t<div class=\"elementor-widget-wrap elementor-element-populated\">\n\t\t\t\t\t\t<div class=\"elementor-element elementor-element-2f76be09 de_scroll_animation_no elementor-widget elementor-widget-heading\" data-id=\"2f76be09\" data-element_type=\"widget\" data-widget_type=\"heading.default\">\n\t\t\t\t<div class=\"elementor-widget-container\">\n\t\t\t<h2 class=\"elementor-heading-title elementor-size-default\">VALOR $ 500.000<\/h2>\t\t<\/div>\n\t\t\t\t<\/div>\n\t\t\t\t<div class=\"elementor-element elementor-element-6e485d7f de_scroll_animation_no elementor-widget elementor-widget-text-editor\" data-id=\"6e485d7f\" data-element_type=\"widget\" data-widget_type=\"text-editor.default\">\n\t\t\t\t<div class=\"elementor-widget-container\">\n\t\t\t\t\t\t\t<h5><strong>Tipolog\u00eda:<\/strong>\u00a04D 3B<br \/>Superficie total: 140 m2<br \/>VALOR VENTA: uf 3.475<br \/><br \/><\/h5>\t\t\t\t\t\t<\/div>\n\t\t\t\t<\/div>\n\t\t\t\t\t<\/div>\n\t\t<\/div>\n\t\t\t\t\t<\/div>\n\t\t<\/section>\n\t\t\t\t<div class=\"elementor-element elementor-element-149cc19f elementor-align-left elementor-mobile-align-center de_scroll_animation_no elementor-widget elementor-widget-button\" data-id=\"149cc19f\" data-element_type=\"widget\" data-widget_type=\"button.default\">\n\t\t\t\t<div class=\"elementor-widget-container\">\n\t\t\t\t\t<div class=\"elementor-button-wrapper\">\n\t\t\t<a class=\"elementor-button elementor-button-link elementor-size-sm\" href=\"mailto:contacto@inmobiliariacarpediem.cl\" target=\"_blank\">\n\t\t\t\t\t\t<span class=\"elementor-button-content-wrapper\">\n\t\t\t\t\t\t\t\t\t<span class=\"elementor-button-text\">Contactar<\/span>\n\t\t\t\t\t<\/span>\n\t\t\t\t\t<\/a>\n\t\t<\/div>\n\t\t\t\t<\/div>\n\t\t\t\t<\/div>\n\t\t\t\t\t<\/div>\n\t\t<\/div>\n\t\t\t\t\t<\/div>\n\t\t<\/section>\n\t\t\t\t<section class=\"elementor-section elementor-top-section elementor-element elementor-element-79ecd884 elementor-section-boxed elementor-section-height-default elementor-section-height-default tf-sticky-section tf-sticky-no\" data-id=\"79ecd884\" data-element_type=\"section\" data-settings=\"{&quot;tf_sticky&quot;:&quot;no&quot;}\">\n\t\t\t\t\t\t<div class=\"elementor-container elementor-column-gap-default\">\n\t\t\t\t\t<div class=\"elementor-column elementor-col-100 elementor-top-column elementor-element elementor-element-652c8184\" data-id=\"652c8184\" data-element_type=\"column\" data-settings=\"{&quot;background_background&quot;:&quot;classic&quot;}\">\n\t\t\t<div class=\"elementor-widget-wrap elementor-element-populated\">\n\t\t\t\t\t\t<section class=\"elementor-section elementor-inner-section elementor-element elementor-element-3eade53e elementor-section-boxed elementor-section-height-default elementor-section-height-default tf-sticky-section tf-sticky-no\" data-id=\"3eade53e\" data-element_type=\"section\" data-settings=\"{&quot;tf_sticky&quot;:&quot;no&quot;}\">\n\t\t\t\t\t\t<div class=\"elementor-container elementor-column-gap-default\">\n\t\t\t\t\t<div class=\"elementor-column elementor-col-100 elementor-inner-column elementor-element elementor-element-6256e04a\" data-id=\"6256e04a\" data-element_type=\"column\">\n\t\t\t<div class=\"elementor-widget-wrap elementor-element-populated\">\n\t\t\t\t\t\t<div class=\"elementor-element elementor-element-62743e34 de_scroll_animation_no elementor-widget elementor-widget-heading\" data-id=\"62743e34\" data-element_type=\"widget\" data-widget_type=\"heading.default\">\n\t\t\t\t<div class=\"elementor-widget-container\">\n\t\t\t<h2 class=\"elementor-heading-title elementor-size-default\">DESCRIPCI\u00d3N DE LA PROPIEDAD<\/h2>\t\t<\/div>\n\t\t\t\t<\/div>\n\t\t\t\t<div class=\"elementor-element elementor-element-63122bcf elementor-widget-tablet__width-initial de_scroll_animation_no elementor-widget elementor-widget-text-editor\" data-id=\"63122bcf\" data-element_type=\"widget\" data-widget_type=\"text-editor.default\">\n\t\t\t\t<div class=\"elementor-widget-container\">\n\t\t\t\t\t\t\t<div class=\"columna70 top left\"><div class=\"lineas\">Se arrienda departamento<br \/>Ubicaci\u00f3n: xxxxxxxx<br \/>&#8211; 4 Habitaciones, 1 en Suit<br \/>&#8211; 3 Ba\u00f1os (inlcuye el que esta en suite)<br \/>&#8211; Cocina americana<\/div><div class=\"lineas\"><span style=\"background-color: var( --e-global-color-primary ); color: var( --e-global-color-2db10ce ); font-family: var(--wp--preset--font-family--system-font); font-size: var(--wp--preset--font-size--medium);\">&#8211; Estacionamiento<\/span><\/div><div>&#8211; Amplio living comedor<\/div><div class=\"lineas\">\u00a0<\/div><div class=\"lineas\">CONTACTO:<br \/>M\u00f3vil: +56987838603<br \/><span style=\"color: var( --e-global-color-2db10ce ); background-color: var( --e-global-color-primary ); font-family: var(--wp--preset--font-family--system-font); font-size: var(--wp--preset--font-size--medium);\"><br \/><\/span><span style=\"color: var( --e-global-color-2db10ce ); background-color: var( --e-global-color-primary ); font-family: var(--wp--preset--font-family--system-font); font-size: var(--wp--preset--font-size--medium);\">Para agendar una visita deben enviar un corre: <span style=\"color: #ffffff;\"><a style=\"color: #ffffff;\" href=\"mailto:contacto@inmobiliariacarpediem.cl\">contacto@inmobiliariacarpediem.cl<\/a><\/span>, previa certificaci\u00f3n de solvenvencia<\/span>.<br \/>se debe cancelar\u00a0 arriendo, mes de garant\u00eda y el 50 % por\u00a0 comisi\u00f3n de corretaje.<\/div><div class=\"lineas\">Se firma el contrato\u00a0 con firma electr\u00f3nica avanzada.<\/div><div class=\"lineas\">Para ver la casa haga clic en el video.<\/div><\/div><div class=\"columna70 top left\"><div>\u00a0<\/div><\/div><div class=\"columna30 top\"><div class=\"desktop\"><div class=\"detalle2\">\u00a0<\/div><\/div><\/div><p><iframe title=\"YouTube video player\" src=\"https:\/\/www.youtube.com\/embed\/UGhsRmiUNGM?si=o2CpKfQriThNPvmR\" width=\"560\" height=\"315\" frameborder=\"0\" allowfullscreen=\"allowfullscreen\"><\/iframe><\/p>\t\t\t\t\t\t<\/div>\n\t\t\t\t<\/div>\n\t\t\t\t\t<\/div>\n\t\t<\/div>\n\t\t\t\t\t<\/div>\n\t\t<\/section>\n\t\t\t\t\t<\/div>\n\t\t<\/div>\n\t\t\t\t\t<\/div>\n\t\t<\/section>\n\t\t\t\t<section class=\"elementor-section elementor-top-section elementor-element elementor-element-74af0570 elementor-section-height-min-height elementor-section-boxed elementor-section-height-default elementor-section-items-middle tf-sticky-section tf-sticky-no\" data-id=\"74af0570\" data-element_type=\"section\" data-settings=\"{&quot;background_background&quot;:&quot;classic&quot;,&quot;tf_sticky&quot;:&quot;no&quot;}\">\n\t\t\t\t\t\t\t<div class=\"elementor-background-overlay\"><\/div>\n\t\t\t\t\t\t\t<div class=\"elementor-container elementor-column-gap-default\">\n\t\t\t\t\t<div class=\"elementor-column elementor-col-50 elementor-top-column elementor-element elementor-element-5c139c76\" data-id=\"5c139c76\" data-element_type=\"column\">\n\t\t\t<div class=\"elementor-widget-wrap elementor-element-populated\">\n\t\t\t\t\t\t<div class=\"elementor-element elementor-element-2288038c de_scroll_animation_no elementor-widget elementor-widget-heading\" data-id=\"2288038c\" data-element_type=\"widget\" data-widget_type=\"heading.default\">\n\t\t\t\t<div class=\"elementor-widget-container\">\n\t\t\t<h2 class=\"elementor-heading-title elementor-size-default\">Servicio de Tasador Inmobiliario<\/h2>\t\t<\/div>\n\t\t\t\t<\/div>\n\t\t\t\t<div class=\"elementor-element elementor-element-66c3a6a7 de_scroll_animation_no elementor-widget elementor-widget-text-editor\" data-id=\"66c3a6a7\" data-element_type=\"widget\" data-widget_type=\"text-editor.default\">\n\t\t\t\t<div class=\"elementor-widget-container\">\n\t\t\t\t\t\t\t<p>Nuestro tasador inmobiliario certificado te proporciona valuaciones precisas y asesoramiento experto. Completa el formulario para una consulta personalizada.<\/p>\t\t\t\t\t\t<\/div>\n\t\t\t\t<\/div>\n\t\t\t\t\t<\/div>\n\t\t<\/div>\n\t\t\t\t<div class=\"elementor-column elementor-col-50 elementor-top-column elementor-element elementor-element-3db821be\" data-id=\"3db821be\" data-element_type=\"column\">\n\t\t\t<div class=\"elementor-widget-wrap elementor-element-populated\">\n\t\t\t\t\t\t<section class=\"elementor-section elementor-inner-section elementor-element elementor-element-52b1183c elementor-section-boxed elementor-section-height-default elementor-section-height-default tf-sticky-section tf-sticky-no\" data-id=\"52b1183c\" data-element_type=\"section\" data-settings=\"{&quot;tf_sticky&quot;:&quot;no&quot;}\">\n\t\t\t\t\t\t<div class=\"elementor-container elementor-column-gap-default\">\n\t\t\t\t\t<div class=\"elementor-column elementor-col-50 elementor-inner-column elementor-element elementor-element-404d66a0\" data-id=\"404d66a0\" data-element_type=\"column\">\n\t\t\t<div class=\"elementor-widget-wrap\">\n\t\t\t\t\t\t\t<\/div>\n\t\t<\/div>\n\t\t\t\t<div class=\"elementor-column elementor-col-50 elementor-inner-column elementor-element elementor-element-537b82f4\" data-id=\"537b82f4\" data-element_type=\"column\">\n\t\t\t<div class=\"elementor-widget-wrap elementor-element-populated\">\n\t\t\t\t\t\t<div class=\"elementor-element elementor-element-1fd93482 elementor-align-right elementor-tablet-align-center de_scroll_animation_no elementor-widget elementor-widget-button\" data-id=\"1fd93482\" data-element_type=\"widget\" data-widget_type=\"button.default\">\n\t\t\t\t<div class=\"elementor-widget-container\">\n\t\t\t\t\t<div class=\"elementor-button-wrapper\">\n\t\t\t<a class=\"elementor-button elementor-button-link elementor-size-sm\" href=\"mailto:tasador@inmobiliariacarpediem.cl\" target=\"_blank\">\n\t\t\t\t\t\t<span class=\"elementor-button-content-wrapper\">\n\t\t\t\t\t\t\t\t\t<span class=\"elementor-button-text\">Cont\u00e1ctanos<\/span>\n\t\t\t\t\t<\/span>\n\t\t\t\t\t<\/a>\n\t\t<\/div>\n\t\t\t\t<\/div>\n\t\t\t\t<\/div>\n\t\t\t\t<div class=\"elementor-element elementor-element-2f3977e9 elementor-align-left elementor-tablet-align-center de_scroll_animation_no elementor-widget elementor-widget-button\" data-id=\"2f3977e9\" data-element_type=\"widget\" data-widget_type=\"button.default\">\n\t\t\t\t<div class=\"elementor-widget-container\">\n\t\t\t\t\t<div class=\"elementor-button-wrapper\">\n\t\t\t<a class=\"elementor-button elementor-button-link elementor-size-sm\" href=\"https:\/\/inmobiliariacarpediem.cl\/index.php\/tasador\/\" target=\"_blank\">\n\t\t\t\t\t\t<span class=\"elementor-button-content-wrapper\">\n\t\t\t\t\t\t\t\t\t<span class=\"elementor-button-text\">Tasador Inmobiliario<\/span>\n\t\t\t\t\t<\/span>\n\t\t\t\t\t<\/a>\n\t\t<\/div>\n\t\t\t\t<\/div>\n\t\t\t\t<\/div>\n\t\t\t\t\t<\/div>\n\t\t<\/div>\n\t\t\t\t\t<\/div>\n\t\t<\/section>\n\t\t\t\t\t<\/div>\n\t\t<\/div>\n\t\t\t\t\t<\/div>\n\t\t<\/section>\n\t\t\t\t<section class=\"elementor-section elementor-top-section elementor-element elementor-element-197163fb elementor-section-boxed elementor-section-height-default elementor-section-height-default tf-sticky-section tf-sticky-no\" data-id=\"197163fb\" data-element_type=\"section\" data-settings=\"{&quot;tf_sticky&quot;:&quot;no&quot;}\">\n\t\t\t\t\t\t<div class=\"elementor-container elementor-column-gap-default\">\n\t\t\t\t\t<div class=\"elementor-column elementor-col-100 elementor-top-column elementor-element elementor-element-50db8ca2\" data-id=\"50db8ca2\" data-element_type=\"column\">\n\t\t\t<div class=\"elementor-widget-wrap elementor-element-populated\">\n\t\t\t\t\t\t<div class=\"elementor-element elementor-element-6645a5e0 de_scroll_animation_no elementor-widget elementor-widget-tf-scroll-top\" data-id=\"6645a5e0\" data-element_type=\"widget\" data-widget_type=\"tf-scroll-top.default\">\n\t\t\t\t<div class=\"elementor-widget-container\">\n\t\t\t\t\t<div id=\"tf-scroll-top\" class=\"tf-scroll-top scroll-and-show scroll-top-position-right from-bottom\" data-tabid=\"6645a5e0\" data-type=\"scroll-and-show\">\r\n\t\t\t<a href=\"#\" class=\"inner-scroll-top\">\r\n\t\t\t\t<span class=\"icon-scroll-top\"><i aria-hidden=\"true\" class=\"fas fa-chevron-up\"><\/i><\/span>\r\n\t\t\t<\/a>\r\n\t\t<\/div>\r\n\t\t\t\t<\/div>\n\t\t\t\t<\/div>\n\t\t\t\t\t<\/div>\n\t\t<\/div>\n\t\t\t\t\t<\/div>\n\t\t<\/section>\n\t\t\t\t<\/div>\n\t\t","protected":false},"excerpt":{"rendered":"<p>arriendo departamento 4D 3B &#8211; Mejillones aRRIENDO 4D 3B | Mejillones DEPARTAMENTO VALOR $ 500.000 Tipolog\u00eda:\u00a04D 3BSuperficie total: 140 m2VALOR VENTA: uf 3.475 Contactar DESCRIPCI\u00d3N DE LA PROPIEDAD Se arrienda departamentoUbicaci\u00f3n: xxxxxxxx&#8211; 4 Habitaciones, 1 en Suit&#8211; 3 Ba\u00f1os (inlcuye el que esta en suite)&#8211; Cocina americana- Estacionamiento- Amplio living comedor\u00a0CONTACTO:M\u00f3vil: +56987838603 Para agendar una [&hellip;]<\/p>\n","protected":false},"author":1,"featured_media":0,"parent":0,"menu_order":0,"comment_status":"closed","ping_status":"closed","template":"elementor_header_footer","meta":{"footnotes":""},"class_list":["post-881","page","type-page","status-publish","hentry"],"_links":{"self":[{"href":"https:\/\/inmobiliariacarpediem.cl\/index.php\/wp-json\/wp\/v2\/pages\/881","targetHints":{"allow":["GET"]}}],"collection":[{"href":"https:\/\/inmobiliariacarpediem.cl\/index.php\/wp-json\/wp\/v2\/pages"}],"about":[{"href":"https:\/\/inmobiliariacarpediem.cl\/index.php\/wp-json\/wp\/v2\/types\/page"}],"author":[{"embeddable":true,"href":"https:\/\/inmobiliariacarpediem.cl\/index.php\/wp-json\/wp\/v2\/users\/1"}],"replies":[{"embeddable":true,"href":"https:\/\/inmobiliariacarpediem.cl\/index.php\/wp-json\/wp\/v2\/comments?post=881"}],"version-history":[{"count":8,"href":"https:\/\/inmobiliariacarpediem.cl\/index.php\/wp-json\/wp\/v2\/pages\/881\/revisions"}],"predecessor-version":[{"id":1013,"href":"https:\/\/inmobiliariacarpediem.cl\/index.php\/wp-json\/wp\/v2\/pages\/881\/revisions\/1013"}],"wp:attachment":[{"href":"https:\/\/inmobiliariacarpediem.cl\/index.php\/wp-json\/wp\/v2\/media?parent=881"}],"curies":[{"name":"wp","href":"https:\/\/api.w.org\/{rel}","templated":true}]}}